{"id":257,"date":"2025-06-08T11:35:01","date_gmt":"2025-06-08T09:35:01","guid":{"rendered":"http:\/\/erwan-franck.fr\/?page_id=257"},"modified":"2025-06-13T21:27:40","modified_gmt":"2025-06-13T19:27:40","slug":"blog","status":"publish","type":"page","link":"https:\/\/erwan-franck.fr\/index.php\/blog\/","title":{"rendered":"Blog"},"content":{"rendered":"\n<p class=\"has-x-large-font-size\"><strong>J&#8217;expose &#8212;&gt;<\/strong> <a href=\"https:\/\/erwan-franck.fr\/index.php\/2025\/06\/13\/short-interview-erwan-franck\/\" data-type=\"link\" data-id=\"https:\/\/erwan-franck.fr\/index.php\/2025\/06\/13\/short-interview-erwan-franck\/\">en savoir plus <\/a><\/p>\n\n\n\n<h1 class=\"wp-block-heading\">Expo \u2013 1,21m\u00b2<\/h1>\n\n\n\n<p>Le format \u00b2 \u2019 s\u2019installe au 6b pour sa deuxi\u00e8me \u00e9dition ,\u00b2 \u2019. Ce projet d\u2019exposition, initi\u00e9 par&nbsp;<a href=\"https:\/\/www.instagram.com\/non.etoile\/\">@non.etoile<\/a>, vise \u00e0 mat\u00e9rialiser les liens visibles et invisibles qui existent entre les pratiques et les pens\u00e9es des r\u00e9sident.e.s des deux collectifs. Au terme d\u2019un temps de rencontre entre les participant.e.s, et suite \u00e0 la coexistence de leurs \u0153uvres dans l\u2019espace d\u2019exposition cadastr\u00e9 en parcelles de tailles \u00e9gales, les artistes sont invit\u00e9.e.s \u00e0 remplir une ou plusieurs feuilles de salle \u00e0 destination du public, faisant \u00e9merger les connexions existantes et en devenir.<\/p>\n\n\n\n<p><strong>Commissariat : <\/strong>Une exposition du collectif Non.etoile coordonn\u00e9e par Orian Arrachart<\/p>\n\n\n\n<p class=\"has-medium-font-size\"><\/p>\n\n\n\n<div class=\"wp-block-columns is-layout-flex wp-container-core-columns-is-layout-28f84493 wp-block-columns-is-layout-flex\">\n<div class=\"wp-block-column is-layout-flow wp-block-column-is-layout-flow\" style=\"flex-basis:66.66%\">\n<figure class=\"wp-block-image aligncenter size-large is-resized\"><a href=\"https:\/\/93.agendaculturel.fr\/exposition\/saint-denis\/1-21m2-d-artistes-1.html\"><img loading=\"lazy\" decoding=\"async\" width=\"724\" height=\"1024\" src=\"http:\/\/erwan-franck.fr\/wp-content\/uploads\/2025\/06\/M2_affiche_web_BD-1-724x1024.jpg\" alt=\"1,21m2 d'artiste\" class=\"wp-image-329\" style=\"width:500px\" srcset=\"https:\/\/erwan-franck.fr\/wp-content\/uploads\/2025\/06\/M2_affiche_web_BD-1-724x1024.jpg 724w, https:\/\/erwan-franck.fr\/wp-content\/uploads\/2025\/06\/M2_affiche_web_BD-1-212x300.jpg 212w, https:\/\/erwan-franck.fr\/wp-content\/uploads\/2025\/06\/M2_affiche_web_BD-1-768x1086.jpg 768w, https:\/\/erwan-franck.fr\/wp-content\/uploads\/2025\/06\/M2_affiche_web_BD-1-1086x1536.jpg 1086w, https:\/\/erwan-franck.fr\/wp-content\/uploads\/2025\/06\/M2_affiche_web_BD-1.jpg 1403w\" sizes=\"auto, (max-width: 724px) 100vw, 724px\" \/><\/a><\/figure>\n<\/div>\n\n\n\n<div class=\"wp-block-column is-layout-flow wp-block-column-is-layout-flow\" style=\"flex-basis:33.33%\">\n<p>[vernissage] 1,21m\u00b2 @6b<\/p>\n\n\n\n<p>Le 6b, 6-10 Quai de Seine, 93200 Saint-Denis, France<\/p>\n\n\n\n<p>[exposition hors-les-murs]<\/p>\n\n\n\n<p>Le format m\u00b2 d\u2019artistes s\u2019installe au&nbsp;<a href=\"https:\/\/www.le6b.fr\/\">6b<\/a>&nbsp;pour sa deuxi\u00e8me \u00e9dition, 1,21 m\u00b2.<\/p>\n\n\n\n<p>Ce projet d\u2019exposition, initi\u00e9 par Non-\u00c9toile, vise \u00e0 mat\u00e9rialiser les liens visibles et invisibles qui existent entre les pratiques et les pens\u00e9es des r\u00e9sident.e.s des deux collectifs. Au terme d\u2019un temps de rencontre entre les participant.e.s, et suite \u00e0 la coexistence de leurs \u0153uvres dans l\u2019espace d\u2019exposition cadastr\u00e9 en parcelles de tailles \u00e9gales, les artistes sont invit\u00e9.e.s \u00e0 remplir une ou plusieurs feuilles de salle \u00e0 destination du public, faisant \u00e9merger les connexions existantes et en devenir.<\/p>\n<\/div>\n<\/div>\n\n\n\n<div style=\"height:100px\" aria-hidden=\"true\" class=\"wp-block-spacer\"><\/div>\n\n\n<ul class=\"wp-block-latest-posts__list is-grid columns-3 wp-block-latest-posts\"><li><div class=\"wp-block-latest-posts__featured-image\"><img loading=\"lazy\" decoding=\"async\" width=\"150\" height=\"150\" src=\"https:\/\/erwan-franck.fr\/wp-content\/uploads\/2025\/06\/Screenshot_2025-06-13-20-48-23-919_org.videolan.vlc_-150x150.jpg\" class=\"attachment-thumbnail size-thumbnail wp-post-image\" alt=\"Interview expo\" style=\"\" \/><\/div><a class=\"wp-block-latest-posts__post-title\" href=\"https:\/\/erwan-franck.fr\/index.php\/2025\/06\/13\/short-interview-erwan-franck\/\">Short interview Erwan Franck<\/a><div class=\"wp-block-latest-posts__post-excerpt\">[vernissage] 1,21m\u00b2 @6b Le 6b, 6-10 Quai de Seine, 93200 Saint-Denis, France [exposition hors-les-murs] Le format m\u00b2 d\u2019artistes s\u2019installe au 6b pour sa deuxi\u00e8me \u00e9dition, 1,21 m\u00b2. Ce projet d\u2019exposition, initi\u00e9 par Non-\u00c9toile, vise \u00e0 mat\u00e9rialiser les liens visibles et invisibles qui existent entre les pratiques et les pens\u00e9es des r\u00e9sident.e.s des deux collectifs. Au\u2026 <a class=\"wp-block-latest-posts__read-more\" href=\"https:\/\/erwan-franck.fr\/index.php\/2025\/06\/13\/short-interview-erwan-franck\/\" rel=\"noopener noreferrer\">Read more<span class=\"screen-reader-text\">: Short interview Erwan Franck<\/span><\/a><\/div><\/li>\n<li><div class=\"wp-block-latest-posts__featured-image\"><img loading=\"lazy\" decoding=\"async\" width=\"150\" height=\"150\" src=\"https:\/\/erwan-franck.fr\/wp-content\/uploads\/2025\/06\/IMG_20250613_200229_1-150x150.jpg\" class=\"attachment-thumbnail size-thumbnail wp-post-image\" alt=\"Expo Tillmans\" style=\"\" \/><\/div><a class=\"wp-block-latest-posts__post-title\" href=\"https:\/\/erwan-franck.fr\/index.php\/2025\/06\/13\/wolfgang-tillmans-exposition-au-centre-pompidou\/\">Wolfgang Tillmans, exposition au Centre Pompidou<\/a><div class=\"wp-block-latest-posts__post-excerpt\">Du 13 juin au 22 septembre 2025, le Centre Pompidou donne carte blanche \u00e0 l\u2019artiste allemand Wolfgang Tillmans qui imagine un projet in\u00e9dit pour cl\u00f4turer la programmation du b\u00e2timent parisien. Il investit les 6\u00a0000 m2 du niveau 2 de la Biblioth\u00e8que publique d\u2019information (Bpi) et y op\u00e8re une transformation de l\u2019espace autour d\u2019une exp\u00e9rimentation curatoriale\u2026 <a class=\"wp-block-latest-posts__read-more\" href=\"https:\/\/erwan-franck.fr\/index.php\/2025\/06\/13\/wolfgang-tillmans-exposition-au-centre-pompidou\/\" rel=\"noopener noreferrer\">Read more<span class=\"screen-reader-text\">: Wolfgang Tillmans, exposition au Centre Pompidou<\/span><\/a><\/div><\/li>\n<li><div class=\"wp-block-latest-posts__featured-image\"><img loading=\"lazy\" decoding=\"async\" width=\"150\" height=\"150\" src=\"https:\/\/erwan-franck.fr\/wp-content\/uploads\/2025\/06\/PXL_20250120_174559550-150x150.jpg\" class=\"attachment-thumbnail size-thumbnail wp-post-image\" alt=\"\" style=\"\" \/><\/div><a class=\"wp-block-latest-posts__post-title\" href=\"https:\/\/erwan-franck.fr\/index.php\/2025\/06\/08\/art-news\/\">Art news<\/a><div class=\"wp-block-latest-posts__post-excerpt\">Le Journal des arts Le Monde arts Le Figaro art et expositions Lib\u00e9ration arts<\/div><\/li>\n<li><div class=\"wp-block-latest-posts__featured-image\"><img loading=\"lazy\" decoding=\"async\" width=\"150\" height=\"150\" src=\"https:\/\/erwan-franck.fr\/wp-content\/uploads\/2025\/06\/IMG_20250605_180517-150x150.jpg\" class=\"attachment-thumbnail size-thumbnail wp-post-image\" alt=\"Euphoria Grand Palais\" style=\"\" \/><\/div><a class=\"wp-block-latest-posts__post-title\" href=\"https:\/\/erwan-franck.fr\/index.php\/2025\/06\/07\/euphoria-au-grand-palais\/\">Euphoria au Grand Palais<\/a><div class=\"wp-block-latest-posts__post-excerpt\">Eupho\u044fia \u2013 Art is in the Air Apr\u00e8s un premier passage remarqu\u00e9 \u00e0 Paris en 2022 \u2013 o\u00f9 il a \u00e9t\u00e9 \u00e9lu \u00ab meilleure exposition de l\u2019ann\u00e9e \u00bb et a accueilli plus de 723 000 visiteurs \u2013 le Balloon Museum revient dans la capitale. Cette fois, c\u2019est au Grand Palais qu\u2019il s\u2019installe, marquant la r\u00e9ouverture\u2026 <a class=\"wp-block-latest-posts__read-more\" href=\"https:\/\/erwan-franck.fr\/index.php\/2025\/06\/07\/euphoria-au-grand-palais\/\" rel=\"noopener noreferrer\">Read more<span class=\"screen-reader-text\">: Euphoria au Grand Palais<\/span><\/a><\/div><\/li>\n<li><div class=\"wp-block-latest-posts__featured-image\"><img loading=\"lazy\" decoding=\"async\" width=\"150\" height=\"150\" src=\"https:\/\/erwan-franck.fr\/wp-content\/uploads\/2025\/06\/Designer-1-150x150.png\" class=\"attachment-thumbnail size-thumbnail wp-post-image\" alt=\"\" style=\"\" \/><\/div><a class=\"wp-block-latest-posts__post-title\" href=\"https:\/\/erwan-franck.fr\/index.php\/2025\/06\/07\/erwan-franck\/\">Erwan Franck<\/a><div class=\"wp-block-latest-posts__post-excerpt\">Etudes sup\u00e9rieures en philosophie. Commence un travail pictural en 2006 dans lequel il s\u2019inspire des images repr\u00e9sentatives du temps et du monde, m\u00e9diatis\u00e9es par l\u2019internet, la presse, la publicit\u00e9, ses propres photographies et vid\u00e9os.<\/div><\/li>\n<\/ul>\n\n\n<h2 class=\"wp-block-heading\"><\/h2>\n\n\n\n<p><\/p>\n","protected":false},"excerpt":{"rendered":"<p>J&#8217;expose &#8212;&gt; en savoir plus Expo \u2013 1,21m\u00b2 Le format \u00b2 \u2019 s\u2019installe au 6b pour sa deuxi\u00e8me \u00e9dition ,\u00b2 \u2019. Ce projet d\u2019exposition, initi\u00e9 par&nbsp;@non.etoile, vise \u00e0 mat\u00e9rialiser les liens visibles et invisibles qui existent entre les pratiques et les pens\u00e9es des r\u00e9sident.e.s des deux collectifs. Au terme d\u2019un temps de rencontre entre les [&hellip;]<\/p>\n","protected":false},"author":1,"featured_media":0,"parent":0,"menu_order":0,"comment_status":"closed","ping_status":"closed","template":"","meta":{"footnotes":""},"categories":[],"tags":[],"class_list":["post-257","page","type-page","status-publish","hentry"],"_links":{"self":[{"href":"https:\/\/erwan-franck.fr\/index.php\/wp-json\/wp\/v2\/pages\/257","targetHints":{"allow":["GET"]}}],"collection":[{"href":"https:\/\/erwan-franck.fr\/index.php\/wp-json\/wp\/v2\/pages"}],"about":[{"href":"https:\/\/erwan-franck.fr\/index.php\/wp-json\/wp\/v2\/types\/page"}],"author":[{"embeddable":true,"href":"https:\/\/erwan-franck.fr\/index.php\/wp-json\/wp\/v2\/users\/1"}],"replies":[{"embeddable":true,"href":"https:\/\/erwan-franck.fr\/index.php\/wp-json\/wp\/v2\/comments?post=257"}],"version-history":[{"count":19,"href":"https:\/\/erwan-franck.fr\/index.php\/wp-json\/wp\/v2\/pages\/257\/revisions"}],"predecessor-version":[{"id":384,"href":"https:\/\/erwan-franck.fr\/index.php\/wp-json\/wp\/v2\/pages\/257\/revisions\/384"}],"wp:attachment":[{"href":"https:\/\/erwan-franck.fr\/index.php\/wp-json\/wp\/v2\/media?parent=257"}],"wp:term":[{"taxonomy":"category","embeddable":true,"href":"https:\/\/erwan-franck.fr\/index.php\/wp-json\/wp\/v2\/categories?post=257"},{"taxonomy":"post_tag","embeddable":true,"href":"https:\/\/erwan-franck.fr\/index.php\/wp-json\/wp\/v2\/tags?post=257"}],"curies":[{"name":"wp","href":"https:\/\/api.w.org\/{rel}","templated":true}]}}